{"id":1225,"date":"2021-06-27T14:49:54","date_gmt":"2021-06-27T14:49:54","guid":{"rendered":"https:\/\/www.kloster-hermetschwil.ch\/?page_id=1225"},"modified":"2023-06-07T15:22:51","modified_gmt":"2023-06-07T15:22:51","slug":"spenden-2","status":"publish","type":"page","link":"https:\/\/www.kloster-hermetschwil.ch\/index.php\/spenden-2\/","title":{"rendered":"Spenden"},"content":{"rendered":"\t\t<div data-elementor-type=\"wp-page\" data-elementor-id=\"1225\" class=\"elementor elementor-1225\" data-elementor-post-type=\"page\">\n\t\t\t\t\t\t<section class=\"elementor-section elementor-top-section elementor-element elementor-element-ff8d400 elementor-section-boxed elementor-section-height-default elementor-section-height-default\" data-id=\"ff8d400\" data-element_type=\"section\" data-e-type=\"section\">\n\t\t\t\t\t\t<div class=\"elementor-container elementor-column-gap-default\">\n\t\t\t\t\t<div class=\"elementor-column elementor-col-100 elementor-top-column elementor-element elementor-element-1026ff6\" data-id=\"1026ff6\" data-element_type=\"column\" data-e-type=\"column\">\n\t\t\t<div class=\"elementor-widget-wrap elementor-element-populated\">\n\t\t\t\t\t\t<div class=\"elementor-element elementor-element-baea22a elementor-widget elementor-widget-text-editor\" data-id=\"baea22a\" data-element_type=\"widget\" data-e-type=\"widget\" data-widget_type=\"text-editor.default\">\n\t\t\t\t<div class=\"elementor-widget-container\">\n\t\t\t\t\t\t\t\t\t<p><strong>Auch in der heutigen Zeit sind kontemplative Kl\u00f6ster auf Spenden von Wohlt\u00e4tern angewiesen. Die Schwestern widmen sich vornehmlich dem Gebet f\u00fcr die Menschen und ihre Anliegen sowie der Handarbeit. Neben dem Lebensunterhalt gilt es zus\u00e4tzlich die historischen Liegenschaften, die Kunstwerke, die alten Handschriften und andere jahrhundertealte Kulturg\u00fcter zu unterhalten. Ferner wollen wir nach M\u00f6glichkeit den Hilfsbed\u00fcrftigen, die sich an uns wenden, auch materiell beistehen k\u00f6nnen. Vergelts Gott.<\/strong><\/p>\t\t\t\t\t\t\t\t<\/div>\n\t\t\t\t<\/div>\n\t\t\t\t\t<\/div>\n\t\t<\/div>\n\t\t\t\t\t<\/div>\n\t\t<\/section>\n\t\t\t\t<section class=\"elementor-section elementor-top-section elementor-element elementor-element-993c0ae elementor-section-boxed elementor-section-height-default elementor-section-height-default\" data-id=\"993c0ae\" data-element_type=\"section\" data-e-type=\"section\">\n\t\t\t\t\t\t<div class=\"elementor-container elementor-column-gap-default\">\n\t\t\t\t\t<div class=\"elementor-column elementor-col-100 elementor-top-column elementor-element elementor-element-840e309\" data-id=\"840e309\" data-element_type=\"column\" data-e-type=\"column\">\n\t\t\t<div class=\"elementor-widget-wrap elementor-element-populated\">\n\t\t\t\t\t\t<div class=\"elementor-element elementor-element-3dd1004 elementor-widget elementor-widget-text-editor\" data-id=\"3dd1004\" data-element_type=\"widget\" data-e-type=\"widget\" data-widget_type=\"text-editor.default\">\n\t\t\t\t<div class=\"elementor-widget-container\">\n\t\t\t\t\t\t\t\t\t<p><strong>Spenden: Benediktinerinnenabtei St. Martin, Klosterhof 3, 5626 Hermetschwil<\/strong><\/p><p style=\"font-weight: 400;\"><strong>Post Finance CH73 0900 0000 1590 5186 6<\/strong><strong>\u00a0 \u00a0 \u00a0 \u00a0 \u00a0 \u00a0 \u00a0 \u00a0 \u00a0 \u00a0 \u00a0 \u00a0 \u00a0 \u00a0 \u00a0 \u00a0 \u00a0 \u00a0 \u00a0 \u00a0 \u00a0 \u00a0 \u00a0 \u00a0 \u00a0 Aargauer Kantonalbank\u00a0 \u00a0CH29 0076 1016 1002 3974 4\u00a0<\/strong><\/p>\t\t\t\t\t\t\t\t<\/div>\n\t\t\t\t<\/div>\n\t\t\t\t\t<\/div>\n\t\t<\/div>\n\t\t\t\t\t<\/div>\n\t\t<\/section>\n\t\t\t\t<\/div>\n\t\t","protected":false},"excerpt":{"rendered":"<p>Auch in der heutigen Zeit sind kontemplative Kl\u00f6ster auf Spenden von Wohlt\u00e4tern angewiesen. Die Schwestern widmen sich vornehmlich dem Gebet f\u00fcr die Menschen und ihre Anliegen sowie der Handarbeit. Neben dem Lebensunterhalt gilt es zus\u00e4tzlich die historischen Liegenschaften, die Kunstwerke, die alten Handschriften und andere jahrhundertealte Kulturg\u00fcter zu unterhalten. Ferner wollen wir nach M\u00f6glichkeit den [&hellip;]<\/p>\n","protected":false},"author":1,"featured_media":0,"parent":0,"menu_order":0,"comment_status":"closed","ping_status":"closed","template":"","meta":{"_uag_custom_page_level_css":"","footnotes":""},"class_list":["post-1225","page","type-page","status-publish","hentry"],"uagb_featured_image_src":{"full":false,"thumbnail":false,"medium":false,"medium_large":false,"large":false,"1536x1536":false,"2048x2048":false},"uagb_author_info":{"display_name":"admin","author_link":"https:\/\/www.kloster-hermetschwil.ch\/index.php\/author\/srjana\/"},"uagb_comment_info":0,"uagb_excerpt":"Auch in der heutigen Zeit sind kontemplative Kl\u00f6ster auf Spenden von Wohlt\u00e4tern angewiesen. Die Schwestern widmen sich vornehmlich dem Gebet f\u00fcr die Menschen und ihre Anliegen sowie der Handarbeit. Neben dem Lebensunterhalt gilt es zus\u00e4tzlich die historischen Liegenschaften, die Kunstwerke, die alten Handschriften und andere jahrhundertealte Kulturg\u00fcter zu unterhalten. Ferner wollen wir nach M\u00f6glichkeit den&hellip;","_links":{"self":[{"href":"https:\/\/www.kloster-hermetschwil.ch\/index.php\/wp-json\/wp\/v2\/pages\/1225","targetHints":{"allow":["GET"]}}],"collection":[{"href":"https:\/\/www.kloster-hermetschwil.ch\/index.php\/wp-json\/wp\/v2\/pages"}],"about":[{"href":"https:\/\/www.kloster-hermetschwil.ch\/index.php\/wp-json\/wp\/v2\/types\/page"}],"author":[{"embeddable":true,"href":"https:\/\/www.kloster-hermetschwil.ch\/index.php\/wp-json\/wp\/v2\/users\/1"}],"replies":[{"embeddable":true,"href":"https:\/\/www.kloster-hermetschwil.ch\/index.php\/wp-json\/wp\/v2\/comments?post=1225"}],"version-history":[{"count":37,"href":"https:\/\/www.kloster-hermetschwil.ch\/index.php\/wp-json\/wp\/v2\/pages\/1225\/revisions"}],"predecessor-version":[{"id":3555,"href":"https:\/\/www.kloster-hermetschwil.ch\/index.php\/wp-json\/wp\/v2\/pages\/1225\/revisions\/3555"}],"wp:attachment":[{"href":"https:\/\/www.kloster-hermetschwil.ch\/index.php\/wp-json\/wp\/v2\/media?parent=1225"}],"curies":[{"name":"wp","href":"https:\/\/api.w.org\/{rel}","templated":true}]}}